{"id":2238,"date":"2026-03-20T10:39:44","date_gmt":"2026-03-20T10:39:44","guid":{"rendered":"https:\/\/infectologiapaulista.org.br\/congresso2026\/?page_id=2238"},"modified":"2026-03-26T17:18:54","modified_gmt":"2026-03-26T17:18:54","slug":"pre-congresso","status":"publish","type":"page","link":"https:\/\/infectologiapaulista.org.br\/congresso2026\/pre-congresso\/","title":{"rendered":"Pr\u00e9-congresso"},"content":{"rendered":"\t\t<div data-elementor-type=\"wp-page\" data-elementor-id=\"2238\" class=\"elementor elementor-2238\" data-elementor-post-type=\"page\">\n\t\t\t\t<div class=\"elementor-element elementor-element-1855840 e-flex e-con-boxed wpr-particle-no wpr-jarallax-no wpr-parallax-no wpr-sticky-section-no wpr-equal-height-no e-con e-parent\" data-id=\"1855840\" data-element_type=\"container\" data-e-type=\"container\" data-settings=\"{&quot;background_background&quot;:&quot;classic&quot;}\">\n\t\t\t\t\t<div class=\"e-con-inner\">\n\t\t<div class=\"elementor-element elementor-element-314c13e e-con-full e-flex wpr-particle-no wpr-jarallax-no wpr-parallax-no wpr-sticky-section-no wpr-equal-height-no e-con e-child\" data-id=\"314c13e\" data-element_type=\"container\" data-e-type=\"container\">\n\t\t\t\t<div class=\"elementor-element elementor-element-b9e1ff3 elementor-widget elementor-widget-heading\" data-id=\"b9e1ff3\" data-element_type=\"widget\" data-e-type=\"widget\" data-widget_type=\"heading.default\">\n\t\t\t\t\t<h2 class=\"elementor-heading-title elementor-size-default\">Pr\u00e9-congresso<\/h2>\t\t\t\t<\/div>\n\t\t\t\t<\/div>\n\t\t\t\t\t<\/div>\n\t\t\t\t<\/div>\n\t\t<div class=\"elementor-element elementor-element-35498ee e-flex e-con-boxed wpr-particle-no wpr-jarallax-no wpr-parallax-no wpr-sticky-section-no wpr-equal-height-no e-con e-parent\" data-id=\"35498ee\" data-element_type=\"container\" data-e-type=\"container\">\n\t\t\t\t\t<div class=\"e-con-inner\">\n\t\t<div class=\"elementor-element elementor-element-939d838 e-con-full e-flex wpr-particle-no wpr-jarallax-no wpr-parallax-no wpr-sticky-section-no wpr-equal-height-no e-con e-child\" data-id=\"939d838\" data-element_type=\"container\" data-e-type=\"container\">\n\t\t<div class=\"elementor-element elementor-element-d49e3ef e-con-full e-flex wpr-particle-no wpr-jarallax-no wpr-parallax-no wpr-sticky-section-no wpr-equal-height-no e-con e-child\" data-id=\"d49e3ef\" data-element_type=\"container\" data-e-type=\"container\">\n\t\t\t\t<div class=\"elementor-element elementor-element-5250742 elementor-invisible elementor-widget elementor-widget-heading\" data-id=\"5250742\" data-element_type=\"widget\" data-e-type=\"widget\" data-settings=\"{&quot;_animation&quot;:&quot;slideInRight&quot;}\" data-widget_type=\"heading.default\">\n\t\t\t\t\t<h2 class=\"elementor-heading-title elementor-size-default\">Conte\u00fado complementar e vagas limitadas<\/h2>\t\t\t\t<\/div>\n\t\t\t\t<div class=\"elementor-element elementor-element-36ccad6 elementor-widget-divider--view-line elementor-widget elementor-widget-divider\" data-id=\"36ccad6\" data-element_type=\"widget\" data-e-type=\"widget\" data-widget_type=\"divider.default\">\n\t\t\t\t\t\t\t<div class=\"elementor-divider\">\n\t\t\t<span class=\"elementor-divider-separator\">\n\t\t\t\t\t\t<\/span>\n\t\t<\/div>\n\t\t\t\t\t\t<\/div>\n\t\t\t\t<div class=\"elementor-element elementor-element-95e0539 elementor-invisible elementor-widget elementor-widget-text-editor\" data-id=\"95e0539\" data-element_type=\"widget\" data-e-type=\"widget\" data-settings=\"{&quot;_animation&quot;:&quot;slideInRight&quot;,&quot;_animation_delay&quot;:200}\" data-widget_type=\"text-editor.default\">\n\t\t\t\t\t\t\t\t\t<p>Os Cursos Pr\u00e9-Congresso integram a programa\u00e7\u00e3o do evento e s\u00e3o gratuitos para todos os participantes inscritos, oferecendo uma oportunidade adicional de aprofundamento em temas estrat\u00e9gicos da infectologia.<\/p><p>Realizados em <strong>26\/08\/2026<\/strong>, os cursos proporcionam atualiza\u00e7\u00e3o cient\u00edfica pr\u00e1tica e intera\u00e7\u00e3o com especialistas, com vagas limitadas.<\/p><p>Maiores informa\u00e7\u00f5es em breve.<\/p>\t\t\t\t\t\t\t\t<\/div>\n\t\t\t\t<\/div>\n\t\t\t\t<\/div>\n\t\t\t\t\t<\/div>\n\t\t\t\t<\/div>\n\t\t\t\t<\/div>\n\t\t","protected":false},"excerpt":{"rendered":"<p>Pr\u00e9-congresso Conte\u00fado complementar e vagas limitadas Os Cursos Pr\u00e9-Congresso integram a programa\u00e7\u00e3o do evento e s\u00e3o gratuitos para todos os participantes inscritos, oferecendo uma oportunidade adicional de aprofundamento em temas estrat\u00e9gicos da infectologia. Realizados em 26\/08\/2026, os cursos proporcionam atualiza\u00e7\u00e3o cient\u00edfica pr\u00e1tica e intera\u00e7\u00e3o com especialistas, com vagas limitadas. Maiores informa\u00e7\u00f5es em breve.<\/p>\n","protected":false},"author":1,"featured_media":0,"parent":0,"menu_order":0,"comment_status":"closed","ping_status":"closed","template":"elementor_canvas","meta":{"footnotes":""},"class_list":["post-2238","page","type-page","status-publish","hentry"],"_links":{"self":[{"href":"https:\/\/infectologiapaulista.org.br\/congresso2026\/wp-json\/wp\/v2\/pages\/2238","targetHints":{"allow":["GET"]}}],"collection":[{"href":"https:\/\/infectologiapaulista.org.br\/congresso2026\/wp-json\/wp\/v2\/pages"}],"about":[{"href":"https:\/\/infectologiapaulista.org.br\/congresso2026\/wp-json\/wp\/v2\/types\/page"}],"author":[{"embeddable":true,"href":"https:\/\/infectologiapaulista.org.br\/congresso2026\/wp-json\/wp\/v2\/users\/1"}],"replies":[{"embeddable":true,"href":"https:\/\/infectologiapaulista.org.br\/congresso2026\/wp-json\/wp\/v2\/comments?post=2238"}],"version-history":[{"count":10,"href":"https:\/\/infectologiapaulista.org.br\/congresso2026\/wp-json\/wp\/v2\/pages\/2238\/revisions"}],"predecessor-version":[{"id":2496,"href":"https:\/\/infectologiapaulista.org.br\/congresso2026\/wp-json\/wp\/v2\/pages\/2238\/revisions\/2496"}],"wp:attachment":[{"href":"https:\/\/infectologiapaulista.org.br\/congresso2026\/wp-json\/wp\/v2\/media?parent=2238"}],"curies":[{"name":"wp","href":"https:\/\/api.w.org\/{rel}","templated":true}]}}