{"id":2205,"date":"2026-03-19T20:08:24","date_gmt":"2026-03-19T20:08:24","guid":{"rendered":"https:\/\/infectologiapaulista.org.br\/congresso2026\/?page_id=2205"},"modified":"2026-04-22T15:46:11","modified_gmt":"2026-04-22T15:46:11","slug":"comissoes","status":"publish","type":"page","link":"https:\/\/infectologiapaulista.org.br\/congresso2026\/comissoes\/","title":{"rendered":"Comiss\u00f5es"},"content":{"rendered":"\t\t<div data-elementor-type=\"wp-page\" data-elementor-id=\"2205\" class=\"elementor elementor-2205\" data-elementor-post-type=\"page\">\n\t\t\t\t<div class=\"elementor-element elementor-element-ea17657 e-flex e-con-boxed wpr-particle-no wpr-jarallax-no wpr-parallax-no wpr-sticky-section-no wpr-equal-height-no e-con e-parent\" data-id=\"ea17657\" data-element_type=\"container\" data-e-type=\"container\" data-settings=\"{&quot;background_background&quot;:&quot;classic&quot;}\">\n\t\t\t\t\t<div class=\"e-con-inner\">\n\t\t<div class=\"elementor-element elementor-element-182e543 e-con-full e-flex wpr-particle-no wpr-jarallax-no wpr-parallax-no wpr-sticky-section-no wpr-equal-height-no e-con e-child\" data-id=\"182e543\" data-element_type=\"container\" data-e-type=\"container\">\n\t\t\t\t<div class=\"elementor-element elementor-element-75253d9 elementor-widget elementor-widget-heading\" data-id=\"75253d9\" data-element_type=\"widget\" data-e-type=\"widget\" data-widget_type=\"heading.default\">\n\t\t\t\t\t<h2 class=\"elementor-heading-title elementor-size-default\">Comiss\u00f5es<\/h2>\t\t\t\t<\/div>\n\t\t\t\t<\/div>\n\t\t\t\t\t<\/div>\n\t\t\t\t<\/div>\n\t\t<div class=\"elementor-element elementor-element-1449c86 e-flex e-con-boxed wpr-particle-no wpr-jarallax-no wpr-parallax-no wpr-sticky-section-no wpr-equal-height-no e-con e-parent\" data-id=\"1449c86\" data-element_type=\"container\" data-e-type=\"container\">\n\t\t\t\t\t<div class=\"e-con-inner\">\n\t\t\t\t<div class=\"elementor-element elementor-element-28caacb elementor-invisible elementor-widget elementor-widget-text-editor\" data-id=\"28caacb\" data-element_type=\"widget\" data-e-type=\"widget\" data-settings=\"{&quot;_animation&quot;:&quot;slideInRight&quot;,&quot;_animation_delay&quot;:200}\" data-widget_type=\"text-editor.default\">\n\t\t\t\t\t\t\t\t\t<p>PRESIDENTE DO CONGRESSO: <strong>PAULO ROBERTO ABR\u00c3O FERREIRA<\/strong><\/p><p>PRESIDENTE DA COMISS\u00c3O CIENT\u00cdFICA: <strong>JUVENCIO JOS\u00c9 DUAILIBE FURTADO<\/strong><\/p><p>PRESIDENTE DA COMISS\u00c3O ORGANIZADORA: <strong>THA\u00cdS GUIMAR\u00c3ES<\/strong><\/p>\t\t\t\t\t\t\t\t<\/div>\n\t\t\t\t<div class=\"elementor-element elementor-element-e8acf87 elementor-invisible elementor-widget elementor-widget-heading\" data-id=\"e8acf87\" data-element_type=\"widget\" data-e-type=\"widget\" data-settings=\"{&quot;_animation&quot;:&quot;slideInLeft&quot;}\" data-widget_type=\"heading.default\">\n\t\t\t\t\t<h2 class=\"elementor-heading-title elementor-size-default\">COMISS\u00c3O ORGANIZADORA<\/h2>\t\t\t\t<\/div>\n\t\t\t\t<div class=\"elementor-element elementor-element-bfa9467 elementor-widget-divider--view-line elementor-widget elementor-widget-divider\" data-id=\"bfa9467\" data-element_type=\"widget\" data-e-type=\"widget\" data-widget_type=\"divider.default\">\n\t\t\t\t\t\t\t<div class=\"elementor-divider\">\n\t\t\t<span class=\"elementor-divider-separator\">\n\t\t\t\t\t\t<\/span>\n\t\t<\/div>\n\t\t\t\t\t\t<\/div>\n\t\t\t\t<div class=\"elementor-element elementor-element-72485f0 elementor-invisible elementor-widget elementor-widget-text-editor\" data-id=\"72485f0\" data-element_type=\"widget\" data-e-type=\"widget\" data-settings=\"{&quot;_animation&quot;:&quot;slideInLeft&quot;,&quot;_animation_delay&quot;:200}\" data-widget_type=\"text-editor.default\">\n\t\t\t\t\t\t\t\t\t<p>Amanda Nazareth Lara<br \/>Eus\u00e9bio Lino dos Santos J\u00fanior<br \/>Klinger Soares Faico Filho<br \/>Maura Salaroli de Oliveira<br \/>Paulo Roberto Abr\u00e3o Ferreira<br \/>Ricardo Cantarim Inacio<br \/>Rosa Maria Barbosa<br \/>Vin\u00edcius Ponzio da Silva<\/p>\t\t\t\t\t\t\t\t<\/div>\n\t\t\t\t<div class=\"elementor-element elementor-element-5242cce elementor-invisible elementor-widget elementor-widget-heading\" data-id=\"5242cce\" data-element_type=\"widget\" data-e-type=\"widget\" data-settings=\"{&quot;_animation&quot;:&quot;slideInLeft&quot;}\" data-widget_type=\"heading.default\">\n\t\t\t\t\t<h2 class=\"elementor-heading-title elementor-size-default\">COMISS\u00c3O CIENT\u00cdFICA<\/h2>\t\t\t\t<\/div>\n\t\t\t\t<div class=\"elementor-element elementor-element-dd1acdc elementor-widget-divider--view-line elementor-widget elementor-widget-divider\" data-id=\"dd1acdc\" data-element_type=\"widget\" data-e-type=\"widget\" data-widget_type=\"divider.default\">\n\t\t\t\t\t\t\t<div class=\"elementor-divider\">\n\t\t\t<span class=\"elementor-divider-separator\">\n\t\t\t\t\t\t<\/span>\n\t\t<\/div>\n\t\t\t\t\t\t<\/div>\n\t\t<div class=\"elementor-element elementor-element-3193a41 e-grid e-con-full wpr-particle-no wpr-jarallax-no wpr-parallax-no wpr-sticky-section-no wpr-equal-height-no e-con e-child\" data-id=\"3193a41\" data-element_type=\"container\" data-e-type=\"container\">\n\t\t\t\t<div class=\"elementor-element elementor-element-a327321 elementor-invisible elementor-widget elementor-widget-text-editor\" data-id=\"a327321\" data-element_type=\"widget\" data-e-type=\"widget\" data-settings=\"{&quot;_animation&quot;:&quot;slideInLeft&quot;,&quot;_animation_delay&quot;:200}\" data-widget_type=\"text-editor.default\">\n\t\t\t\t\t\t\t\t\t<p>Alexandre M Portelinha Filho<br \/>Alexandre Naime Barbosa<br \/>Aline Carralas Queiroz de Le\u00e3o<br \/>Aline Gonzalez Vigani<br \/>Aluisio A. Cotrim Segurado<br \/>Alvaro Furtado Costa<br \/>Ana Cristina Gales<br \/>Ana Lucia Lei Munhoz Lima<br \/>Ana Marli Christovam Sartori<br \/>Ana Paula Cury<br \/>Ana Paula Rocha Veiga<br \/>Anna Sara Shafferman Levin<br \/>Arnaldo Lopes Colombo<br \/>Augusto Yamaguti<br \/>Benedito Antonio L. da Fonseca<br \/>Carlos Magno C. B. Fortaleza<br \/>Carlos Roberto Veiga Kiffer<br \/>Carolina Toniolo Zenatti<br \/>Cassia Fernanda Estofolete<br \/>Celso F. Hernandes Granato<br \/>Dayana Souza Fram<br \/>Diogo Boldim Ferreira<br \/>Durval Alex Gomes e Costa<br \/>Edson Abdala<br \/>Eduardo A. Servolo de Medeiros<br \/>Elisa D. Teixeira Mendes<br \/>Esper Georges Kall\u00e1s<br \/>Ester Cerdeira Sabino<br \/>Evaldo Stanislau A. de Ara\u00fajo<br \/>Fernando Bellissimo Rodrigues<br \/>Fernando Jos\u00e9 Goes Ruiz<br \/>Fernando Lopes Gon\u00e7ales Jr<br \/>Flavio Trentin Troncoso<br \/>Francini Guerra Correa<br \/>Francisco Ivanildo De Oliveira<br \/>Gilberto Gambero Gaspar<br \/>Guido Carlos Levi<br \/>Ho Yeh Li<br \/>Inneke Marie Van Der Heijden<br \/>Irineu Luiz Maia<br \/>Jo\u00e3o N\u00f3brega de Almeida Jr<br \/>Jo\u00e3o Silva de Mendon\u00e7a<br \/>Jos\u00e9 Angelo Lauletta Lindoso<br \/>Jos\u00e9 Ernesto Vidal Bermudez<br \/>Jos\u00e9 Valdez Ramalho Madruga<br \/>Juliana Oliveira da Silva<br \/>Karen Mirna Loro Morej\u00f3n<\/p>\t\t\t\t\t\t\t\t<\/div>\n\t\t\t\t<div class=\"elementor-element elementor-element-de26347 elementor-invisible elementor-widget elementor-widget-text-editor\" data-id=\"de26347\" data-element_type=\"widget\" data-e-type=\"widget\" data-settings=\"{&quot;_animation&quot;:&quot;slideInRight&quot;,&quot;_animation_delay&quot;:200}\" data-widget_type=\"text-editor.default\">\n\t\t\t\t\t\t\t\t\t<p>Leonardo Neves de Andrade<br \/>Leonardo Weissmann<br \/>Ligia Maria Abra\u00e3o<br \/>Lucas Alberto Medeiros<br \/>Lu\u00eds Felipe Bachur<br \/>Luis Fernando Aranha Camargo<br \/>Luis Gustavo de O. Cardoso<br \/>Luiz Fernando Degrecci Relvas<br \/>Marcello Mihailenko C. Magri<br \/>Marcelo N\u00f3brega Litvoc<br \/>Marcio Cesar Reino Gaggini<br \/>Marcos Ant\u00f4nio Cyrillo<br \/>Maria C\u00e1ssia J. Mendes Corr\u00eaa<br \/>Maria Luiza Moretti<br \/>Maria Patelli J. Souza Lima<br \/>Mario Periba\u00f1ez Gonzalez<br \/>Mari\u00e2ngela Ribeiro Resende<br \/>Marlirani Dalla Costa Rocha<br \/>Marta Helo\u00edsa Lopes<br \/>Maura Salaroli de Oliveira<br \/>Mauricio Fernando Favale\u00e7a<br \/>Mauro Jos\u00e9 Costa Salles<br \/>Michel Laks<br \/>Nancy C. Junqueira Bellei<br \/>Olavo Henrique Munhoz Leite<br \/>Pedro da Silva Campana<br \/>Pl\u00ednio Trabasso<br \/>Priscila Rosalba Domingos Oliveira<br \/>Ralcyon Francis A. Teixeira<br \/>Raquel Silveira Bello Stucchi<br \/>Reinaldo Salom\u00e3o<br \/>Ricardo de Souza Cavalcante<br \/>Ricardo Sobhie Diaz<br \/>Roberto Focaccia<br \/>Rodrigo de Carvalho Santana<br \/>Rodrigo Nogueira Angerami<br \/>Rodrigo Spineli Macedo<br \/>Rogerio de Jesus Pedro<br \/>Rosana Richtmann<br \/>Sigrid de Sousa dos Santos<br \/>Silvia Figueiredo Costa<br \/>Stef\u00e2nia Bazanelli Prebianchi<br \/>Tha\u00eds Guimar\u00e3es<br \/>Valdes Roberto Bollela<br \/>Valdir Sabbaga Amato<br \/>Zarifa Khoury<\/p>\t\t\t\t\t\t\t\t<\/div>\n\t\t\t\t<\/div>\n\t\t\t\t\t<\/div>\n\t\t\t\t<\/div>\n\t\t\t\t<\/div>\n\t\t","protected":false},"excerpt":{"rendered":"<p>Comiss\u00f5es PRESIDENTE DO CONGRESSO: PAULO ROBERTO ABR\u00c3O FERREIRA PRESIDENTE DA COMISS\u00c3O CIENT\u00cdFICA: JUVENCIO JOS\u00c9 DUAILIBE FURTADO PRESIDENTE DA COMISS\u00c3O ORGANIZADORA: THA\u00cdS GUIMAR\u00c3ES COMISS\u00c3O ORGANIZADORA Amanda Nazareth LaraEus\u00e9bio Lino dos Santos J\u00faniorKlinger Soares Faico FilhoMaura Salaroli de OliveiraPaulo Roberto Abr\u00e3o FerreiraRicardo Cantarim InacioRosa Maria BarbosaVin\u00edcius Ponzio da Silva COMISS\u00c3O CIENT\u00cdFICA Alexandre M Portelinha FilhoAlexandre Naime BarbosaAline Carralas Queiroz de Le\u00e3oAline Gonzalez ViganiAluisio A. Cotrim SeguradoAlvaro Furtado CostaAna Cristina GalesAna Lucia Lei Munhoz LimaAna Marli Christovam SartoriAna Paula CuryAna Paula Rocha VeigaAnna Sara Shafferman LevinArnaldo Lopes ColomboAugusto YamagutiBenedito Antonio L. da FonsecaCarlos Magno C. B. FortalezaCarlos Roberto Veiga KifferCarolina Toniolo ZenattiCassia Fernanda EstofoleteCelso F. Hernandes GranatoDayana Souza FramDiogo Boldim FerreiraDurval Alex Gomes e CostaEdson AbdalaEduardo A. Servolo de MedeirosElisa D. Teixeira MendesEsper Georges Kall\u00e1sEster Cerdeira SabinoEvaldo Stanislau A. de Ara\u00fajoFernando Bellissimo RodriguesFernando Jos\u00e9 Goes RuizFernando Lopes Gon\u00e7ales JrFlavio Trentin TroncosoFrancini Guerra CorreaFrancisco Ivanildo De OliveiraGilberto Gambero GasparGuido Carlos LeviHo Yeh LiInneke Marie Van Der HeijdenIrineu Luiz MaiaJo\u00e3o N\u00f3brega de Almeida JrJo\u00e3o Silva de Mendon\u00e7aJos\u00e9 Angelo Lauletta LindosoJos\u00e9 Ernesto Vidal BermudezJos\u00e9 Valdez Ramalho MadrugaJuliana Oliveira da SilvaKaren Mirna Loro Morej\u00f3n Leonardo Neves de AndradeLeonardo WeissmannLigia Maria Abra\u00e3oLucas Alberto MedeirosLu\u00eds Felipe BachurLuis Fernando Aranha CamargoLuis Gustavo de O. CardosoLuiz Fernando Degrecci RelvasMarcello Mihailenko C. MagriMarcelo N\u00f3brega LitvocMarcio Cesar Reino GagginiMarcos Ant\u00f4nio CyrilloMaria C\u00e1ssia J. Mendes Corr\u00eaaMaria Luiza MorettiMaria Patelli J. Souza LimaMario Periba\u00f1ez GonzalezMari\u00e2ngela Ribeiro ResendeMarlirani Dalla Costa RochaMarta Helo\u00edsa LopesMaura Salaroli de OliveiraMauricio Fernando Favale\u00e7aMauro Jos\u00e9 Costa SallesMichel LaksNancy C. Junqueira BelleiOlavo Henrique Munhoz LeitePedro da Silva CampanaPl\u00ednio TrabassoPriscila Rosalba Domingos OliveiraRalcyon Francis A. TeixeiraRaquel Silveira Bello StucchiReinaldo Salom\u00e3oRicardo de Souza CavalcanteRicardo Sobhie DiazRoberto FocacciaRodrigo de Carvalho SantanaRodrigo Nogueira AngeramiRodrigo Spineli MacedoRogerio de Jesus PedroRosana RichtmannSigrid de Sousa dos SantosSilvia Figueiredo CostaStef\u00e2nia Bazanelli PrebianchiTha\u00eds Guimar\u00e3esValdes Roberto BollelaValdir Sabbaga AmatoZarifa Khoury<\/p>\n","protected":false},"author":1,"featured_media":0,"parent":0,"menu_order":0,"comment_status":"closed","ping_status":"closed","template":"elementor_canvas","meta":{"footnotes":""},"class_list":["post-2205","page","type-page","status-publish","hentry"],"_links":{"self":[{"href":"https:\/\/infectologiapaulista.org.br\/congresso2026\/wp-json\/wp\/v2\/pages\/2205","targetHints":{"allow":["GET"]}}],"collection":[{"href":"https:\/\/infectologiapaulista.org.br\/congresso2026\/wp-json\/wp\/v2\/pages"}],"about":[{"href":"https:\/\/infectologiapaulista.org.br\/congresso2026\/wp-json\/wp\/v2\/types\/page"}],"author":[{"embeddable":true,"href":"https:\/\/infectologiapaulista.org.br\/congresso2026\/wp-json\/wp\/v2\/users\/1"}],"replies":[{"embeddable":true,"href":"https:\/\/infectologiapaulista.org.br\/congresso2026\/wp-json\/wp\/v2\/comments?post=2205"}],"version-history":[{"count":22,"href":"https:\/\/infectologiapaulista.org.br\/congresso2026\/wp-json\/wp\/v2\/pages\/2205\/revisions"}],"predecessor-version":[{"id":2755,"href":"https:\/\/infectologiapaulista.org.br\/congresso2026\/wp-json\/wp\/v2\/pages\/2205\/revisions\/2755"}],"wp:attachment":[{"href":"https:\/\/infectologiapaulista.org.br\/congresso2026\/wp-json\/wp\/v2\/media?parent=2205"}],"curies":[{"name":"wp","href":"https:\/\/api.w.org\/{rel}","templated":true}]}}