{"id":2185,"date":"2026-03-19T19:46:12","date_gmt":"2026-03-19T19:46:12","guid":{"rendered":"https:\/\/infectologiapaulista.org.br\/congresso2026\/?page_id=2185"},"modified":"2026-03-20T14:54:34","modified_gmt":"2026-03-20T14:54:34","slug":"mensagem-do-presidente","status":"publish","type":"page","link":"https:\/\/infectologiapaulista.org.br\/congresso2026\/mensagem-do-presidente\/","title":{"rendered":"Mensagem do Presidente"},"content":{"rendered":"\t\t<div data-elementor-type=\"wp-page\" data-elementor-id=\"2185\" class=\"elementor elementor-2185\" data-elementor-post-type=\"page\">\n\t\t\t\t<div class=\"elementor-element elementor-element-79c8ce5 e-flex e-con-boxed wpr-particle-no wpr-jarallax-no wpr-parallax-no wpr-sticky-section-no wpr-equal-height-no e-con e-parent\" data-id=\"79c8ce5\" data-element_type=\"container\" data-e-type=\"container\" data-settings=\"{&quot;background_background&quot;:&quot;classic&quot;}\">\n\t\t\t\t\t<div class=\"e-con-inner\">\n\t\t<div class=\"elementor-element elementor-element-93c7152 e-con-full e-flex wpr-particle-no wpr-jarallax-no wpr-parallax-no wpr-sticky-section-no wpr-equal-height-no e-con e-child\" data-id=\"93c7152\" data-element_type=\"container\" data-e-type=\"container\">\n\t\t\t\t<div class=\"elementor-element elementor-element-430ec23 elementor-widget elementor-widget-heading\" data-id=\"430ec23\" data-element_type=\"widget\" data-e-type=\"widget\" data-widget_type=\"heading.default\">\n\t\t\t\t\t<h2 class=\"elementor-heading-title elementor-size-default\">Mensagem do Presidente<\/h2>\t\t\t\t<\/div>\n\t\t\t\t<\/div>\n\t\t\t\t\t<\/div>\n\t\t\t\t<\/div>\n\t\t<div class=\"elementor-element elementor-element-f445c47 e-flex e-con-boxed wpr-particle-no wpr-jarallax-no wpr-parallax-no wpr-sticky-section-no wpr-equal-height-no e-con e-parent\" data-id=\"f445c47\" data-element_type=\"container\" data-e-type=\"container\">\n\t\t\t\t\t<div class=\"e-con-inner\">\n\t\t<div class=\"elementor-element elementor-element-c05b422 e-con-full e-flex wpr-particle-no wpr-jarallax-no wpr-parallax-no wpr-sticky-section-no wpr-equal-height-no e-con e-child\" data-id=\"c05b422\" data-element_type=\"container\" data-e-type=\"container\">\n\t\t<div class=\"elementor-element elementor-element-3a4445e e-con-full e-flex wpr-particle-no wpr-jarallax-no wpr-parallax-no wpr-sticky-section-no wpr-equal-height-no e-con e-child\" data-id=\"3a4445e\" data-element_type=\"container\" data-e-type=\"container\">\n\t\t\t\t<div class=\"elementor-element elementor-element-51cc364 elementor-invisible elementor-widget elementor-widget-image\" data-id=\"51cc364\" data-element_type=\"widget\" data-e-type=\"widget\" data-settings=\"{&quot;_animation&quot;:&quot;slideInLeft&quot;}\" data-widget_type=\"image.default\">\n\t\t\t\t\t\t\t\t\t\t\t\t\t\t\t<img fetchpriority=\"high\" decoding=\"async\" width=\"640\" height=\"641\" src=\"https:\/\/infectologiapaulista.org.br\/congresso2026\/wp-content\/uploads\/2026\/03\/Foto_Dr.-Paulo.jpeg\" class=\"attachment-large size-large wp-image-2073\" alt=\"\" srcset=\"https:\/\/infectologiapaulista.org.br\/congresso2026\/wp-content\/uploads\/2026\/03\/Foto_Dr.-Paulo.jpeg 640w, https:\/\/infectologiapaulista.org.br\/congresso2026\/wp-content\/uploads\/2026\/03\/Foto_Dr.-Paulo-300x300.jpeg 300w, https:\/\/infectologiapaulista.org.br\/congresso2026\/wp-content\/uploads\/2026\/03\/Foto_Dr.-Paulo-150x150.jpeg 150w\" sizes=\"(max-width: 640px) 100vw, 640px\" \/>\t\t\t\t\t\t\t\t\t\t\t\t\t\t\t<\/div>\n\t\t\t\t<\/div>\n\t\t<div class=\"elementor-element elementor-element-958e988 e-con-full e-flex wpr-particle-no wpr-jarallax-no wpr-parallax-no wpr-sticky-section-no wpr-equal-height-no e-con e-child\" data-id=\"958e988\" data-element_type=\"container\" data-e-type=\"container\">\n\t\t\t\t<div class=\"elementor-element elementor-element-2920f89 elementor-invisible elementor-widget elementor-widget-heading\" data-id=\"2920f89\" data-element_type=\"widget\" data-e-type=\"widget\" data-settings=\"{&quot;_animation&quot;:&quot;slideInRight&quot;}\" data-widget_type=\"heading.default\">\n\t\t\t\t\t<h2 class=\"elementor-heading-title elementor-size-default\">Organiza\u00e7\u00e3o cient\u00edfica<\/h2>\t\t\t\t<\/div>\n\t\t\t\t<div class=\"elementor-element elementor-element-511084e elementor-widget-divider--view-line elementor-widget elementor-widget-divider\" data-id=\"511084e\" data-element_type=\"widget\" data-e-type=\"widget\" data-widget_type=\"divider.default\">\n\t\t\t\t\t\t\t<div class=\"elementor-divider\">\n\t\t\t<span class=\"elementor-divider-separator\">\n\t\t\t\t\t\t<\/span>\n\t\t<\/div>\n\t\t\t\t\t\t<\/div>\n\t\t\t\t<div class=\"elementor-element elementor-element-0346559 elementor-invisible elementor-widget elementor-widget-heading\" data-id=\"0346559\" data-element_type=\"widget\" data-e-type=\"widget\" data-settings=\"{&quot;_animation&quot;:&quot;slideInRight&quot;,&quot;_animation_delay&quot;:100}\" data-widget_type=\"heading.default\">\n\t\t\t\t\t<h2 class=\"elementor-heading-title elementor-size-default\">Presidido por Dr. Paulo Roberto Abr\u00e3o Ferreira<\/h2>\t\t\t\t<\/div>\n\t\t\t\t<div class=\"elementor-element elementor-element-ccec64f elementor-invisible elementor-widget elementor-widget-text-editor\" data-id=\"ccec64f\" data-element_type=\"widget\" data-e-type=\"widget\" data-settings=\"{&quot;_animation&quot;:&quot;slideInRight&quot;,&quot;_animation_delay&quot;:200}\" data-widget_type=\"text-editor.default\">\n\t\t\t\t\t\t\t\t\t<p>Vivemos tempos de r\u00e1pidos avan\u00e7os e desafios na \u00e1rea da infectologia. Nesse cen\u00e1rio, torna-se cada vez mais essencial promover debates de alto n\u00edvel, integrar pesquisa a pr\u00e1tica cl\u00ednica e fomentar colabora\u00e7\u00f5es que fortale\u00e7am a aten\u00e7\u00e3o ao paciente e as pol\u00edticas de sa\u00fade p\u00fablica.<\/p><p>A Sociedade Paulista de Infectologia convida a todos para participar do nosso Congresso, que ser\u00e1 realizado de 26 a 29 de agosto de 2026, no Centro de Conven\u00e7\u00f5es Frei Caneca, em S\u00e3o Paulo. Vai ser uma honra receb\u00ea\u2011los para quatro dias de intenso interc\u00e2mbio cient\u00edfico, reflex\u00e3o cr\u00edtica e constru\u00e7\u00e3o coletiva de conhecimento. O evento reunir\u00e1 professores, especialistas, pesquisadores, residentes, profissionais da sa\u00fade de diversas \u00e1reas e alunos para atualiza\u00e7\u00e3o cient\u00edfica, discuss\u00f5es sobre temas pol\u00eamicos, apresenta\u00e7\u00e3o de trabalhos e troca de experi\u00eancias em infectologia.\u00a0<\/p>\t\t\t\t\t\t\t\t<\/div>\n\t\t\t\t<\/div>\n\t\t\t\t<\/div>\n\t\t\t\t<div class=\"elementor-element elementor-element-4bb3f02 elementor-invisible elementor-widget elementor-widget-text-editor\" data-id=\"4bb3f02\" data-element_type=\"widget\" data-e-type=\"widget\" data-settings=\"{&quot;_animation&quot;:&quot;slideInRight&quot;,&quot;_animation_delay&quot;:200}\" data-widget_type=\"text-editor.default\">\n\t\t\t\t\t\t\t\t\t<p>O Congresso da SPI tem tradi\u00e7\u00e3o pela excel\u00eancia de seus conferencistas e pela qualifica\u00e7\u00e3o de seus participantes, promovendo um ambiente de troca de conhecimento de alto n\u00edvel.<\/p><p>Contaremos com confer\u00eancias plen\u00e1rias, mesas\u2011redondas, apresenta\u00e7\u00e3o oral de trabalhos, simp\u00f3sios, oficinas pr\u00e1ticas e sess\u00e3o de p\u00f4steres, al\u00e9m de uma atividade especificamente dedicada aos residentes de infectologia. Teremos 11 cursos pr\u00e9-congresso, com os conte\u00fados mais importantes da atualidade. Ser\u00e3o abordados temas atuais e relevantes para a pr\u00e1tica cl\u00ednica e para a sa\u00fade p\u00fablica contemplando diversos eixos tem\u00e1ticos da infectologia, como: Infec\u00e7\u00f5es relacionadas \u00e0 assist\u00eancia \u00e0 sa\u00fade, Antimicrobianos (resist\u00eancia microbiana), Aids, hepatites virais e ISTs, Virologia, Tuberculose \/ MNT \/ Hansen\u00edase, Micologia, Infec\u00e7\u00f5es em imunossuprimidos que n\u00e3o vivem com HIV, Imuniza\u00e7\u00f5es e medicina do viajante, Doen\u00e7as tropicais, doen\u00e7as emergentes e reemergentes, Novas fronteiras em infectologia, Infec\u00e7\u00f5es musculoesquel\u00e9ticas, Infec\u00e7\u00f5es com transmiss\u00e3o perinatal e Infectologia pedi\u00e1trica, Infectologia comunit\u00e1ria, Educa\u00e7\u00e3o em infectologia.<\/p><p>Espero contar com a presen\u00e7a de todos e que aproveitem intensamente as sess\u00f5es cient\u00edficas, as oportunidades de colabora\u00e7\u00e3o e os momentos de conviv\u00eancia. Que voltem inspirados e com novas ferramentas para aprimorar o cuidado com nossos pacientes.<\/p><p>Sua presen\u00e7a e contribui\u00e7\u00e3o ser\u00e3o muito valiosas para o sucesso do nosso Congresso.<\/p>\t\t\t\t\t\t\t\t<\/div>\n\t\t\t\t<div class=\"elementor-element elementor-element-f7224b9 elementor-invisible elementor-widget elementor-widget-heading\" data-id=\"f7224b9\" data-element_type=\"widget\" data-e-type=\"widget\" data-settings=\"{&quot;_animation&quot;:&quot;slideInRight&quot;}\" data-widget_type=\"heading.default\">\n\t\t\t\t\t<h2 class=\"elementor-heading-title elementor-size-default\">Atenciosamente<\/h2>\t\t\t\t<\/div>\n\t\t\t\t<div class=\"elementor-element elementor-element-314213b elementor-invisible elementor-widget elementor-widget-heading\" data-id=\"314213b\" data-element_type=\"widget\" data-e-type=\"widget\" data-settings=\"{&quot;_animation&quot;:&quot;slideInRight&quot;}\" data-widget_type=\"heading.default\">\n\t\t\t\t\t<h2 class=\"elementor-heading-title elementor-size-default\">Paulo Roberto Abr\u00e3o Ferreira<br>\nPresidente da Sociedade Paulista de Infectologia<\/h2>\t\t\t\t<\/div>\n\t\t\t\t\t<\/div>\n\t\t\t\t<\/div>\n\t\t\t\t<\/div>\n\t\t","protected":false},"excerpt":{"rendered":"<p>Mensagem do Presidente Organiza\u00e7\u00e3o cient\u00edfica Presidido por Dr. Paulo Roberto Abr\u00e3o Ferreira Vivemos tempos de r\u00e1pidos avan\u00e7os e desafios na \u00e1rea da infectologia. Nesse cen\u00e1rio, torna-se cada vez mais essencial promover debates de alto n\u00edvel, integrar pesquisa a pr\u00e1tica cl\u00ednica e fomentar colabora\u00e7\u00f5es que fortale\u00e7am a aten\u00e7\u00e3o ao paciente e as pol\u00edticas de sa\u00fade p\u00fablica. A Sociedade Paulista de Infectologia convida a todos para participar do nosso Congresso, que ser\u00e1 realizado de 26 a 29 de agosto de 2026, no Centro de Conven\u00e7\u00f5es Frei Caneca, em S\u00e3o Paulo. Vai ser uma honra receb\u00ea\u2011los para quatro dias de intenso interc\u00e2mbio cient\u00edfico, reflex\u00e3o cr\u00edtica e constru\u00e7\u00e3o coletiva de conhecimento. O evento reunir\u00e1 professores, especialistas, pesquisadores, residentes, profissionais da sa\u00fade de diversas \u00e1reas e alunos para atualiza\u00e7\u00e3o cient\u00edfica, discuss\u00f5es sobre temas pol\u00eamicos, apresenta\u00e7\u00e3o de trabalhos e troca de experi\u00eancias em infectologia.\u00a0 O Congresso da SPI tem tradi\u00e7\u00e3o pela excel\u00eancia de seus conferencistas e pela qualifica\u00e7\u00e3o de seus participantes, promovendo um ambiente de troca de conhecimento de alto n\u00edvel. Contaremos com confer\u00eancias plen\u00e1rias, mesas\u2011redondas, apresenta\u00e7\u00e3o oral de trabalhos, simp\u00f3sios, oficinas pr\u00e1ticas e sess\u00e3o de p\u00f4steres, al\u00e9m de uma atividade especificamente dedicada aos residentes de infectologia. Teremos 11 cursos pr\u00e9-congresso, com os conte\u00fados mais importantes da atualidade. Ser\u00e3o abordados temas atuais e relevantes para a pr\u00e1tica cl\u00ednica e para a sa\u00fade p\u00fablica contemplando diversos eixos tem\u00e1ticos da infectologia, como: Infec\u00e7\u00f5es relacionadas \u00e0 assist\u00eancia \u00e0 sa\u00fade, Antimicrobianos (resist\u00eancia microbiana), Aids, hepatites virais e ISTs, Virologia, Tuberculose \/ MNT \/ Hansen\u00edase, Micologia, Infec\u00e7\u00f5es em imunossuprimidos que n\u00e3o vivem com HIV, Imuniza\u00e7\u00f5es e medicina do viajante, Doen\u00e7as tropicais, doen\u00e7as emergentes e reemergentes, Novas fronteiras em infectologia, Infec\u00e7\u00f5es musculoesquel\u00e9ticas, Infec\u00e7\u00f5es com transmiss\u00e3o perinatal e Infectologia pedi\u00e1trica, Infectologia comunit\u00e1ria, Educa\u00e7\u00e3o em infectologia. Espero contar com a presen\u00e7a de todos e que aproveitem intensamente as sess\u00f5es cient\u00edficas, as oportunidades de colabora\u00e7\u00e3o e os momentos de conviv\u00eancia. Que voltem inspirados e com novas ferramentas para aprimorar o cuidado com nossos pacientes. Sua presen\u00e7a e contribui\u00e7\u00e3o ser\u00e3o muito valiosas para o sucesso do nosso Congresso. Atenciosamente Paulo Roberto Abr\u00e3o Ferreira Presidente da Sociedade Paulista de Infectologia<\/p>\n","protected":false},"author":1,"featured_media":0,"parent":0,"menu_order":0,"comment_status":"closed","ping_status":"closed","template":"elementor_canvas","meta":{"footnotes":""},"class_list":["post-2185","page","type-page","status-publish","hentry"],"_links":{"self":[{"href":"https:\/\/infectologiapaulista.org.br\/congresso2026\/wp-json\/wp\/v2\/pages\/2185","targetHints":{"allow":["GET"]}}],"collection":[{"href":"https:\/\/infectologiapaulista.org.br\/congresso2026\/wp-json\/wp\/v2\/pages"}],"about":[{"href":"https:\/\/infectologiapaulista.org.br\/congresso2026\/wp-json\/wp\/v2\/types\/page"}],"author":[{"embeddable":true,"href":"https:\/\/infectologiapaulista.org.br\/congresso2026\/wp-json\/wp\/v2\/users\/1"}],"replies":[{"embeddable":true,"href":"https:\/\/infectologiapaulista.org.br\/congresso2026\/wp-json\/wp\/v2\/comments?post=2185"}],"version-history":[{"count":16,"href":"https:\/\/infectologiapaulista.org.br\/congresso2026\/wp-json\/wp\/v2\/pages\/2185\/revisions"}],"predecessor-version":[{"id":2388,"href":"https:\/\/infectologiapaulista.org.br\/congresso2026\/wp-json\/wp\/v2\/pages\/2185\/revisions\/2388"}],"wp:attachment":[{"href":"https:\/\/infectologiapaulista.org.br\/congresso2026\/wp-json\/wp\/v2\/media?parent=2185"}],"curies":[{"name":"wp","href":"https:\/\/api.w.org\/{rel}","templated":true}]}}